{"id":2,"date":"2014-03-05T11:41:26","date_gmt":"2014-03-05T11:41:26","guid":{"rendered":"http:\/\/www.technic-group.com\/?page_id=2"},"modified":"2014-10-14T10:17:40","modified_gmt":"2014-10-14T08:17:40","slug":"beispiel-seite","status":"publish","type":"page","link":"https:\/\/www.technic-group.com\/?page_id=2","title":{"rendered":"\u00dcber Uns"},"content":{"rendered":"<p>&nbsp;<\/p>\n<p>Technic Group besteht aus eigenst\u00e4ndigen Personen unterschiedlicher Fachbereiche,\u00a0 die ein Netzwerk gebildet haben, um auf Anfrage gemeinsam alle musikalischen, licht- und tontechnischen Bereiche eines Events abzudecken.<\/p>\n<p>Durch langj\u00e4hrige Zusammenarbeit ist unser motiviertes, kompetentes und eingespieltes Team bem\u00fcht, eine reibungslose und perfekte Umsetzung Ihrer W\u00fcnsche zu gew\u00e4hrleisten.<\/p>\n<p>&nbsp;<\/p>\n<p>Wir w\u00fcnschen Ihnen jetzt schon einen unvergesslichen Moment!<\/p>\n<h2>Das Team<\/h2>\n<div class=\"team\">\n<p><img loading=\"lazy\" decoding=\"async\" class=\"size-full wp-image-135\" alt=\"Doris Hammerschmiedt\" src=\"https:\/\/www.technic-group.com\/wp-content\/uploads\/doris.jpg\" width=\"250\" height=\"193\" \/><\/p>\n<p>Doris Hammerschmiedt<br \/>\nCreative Director<\/p>\n<\/div>\n<div class=\"team\">\n<p><img loading=\"lazy\" decoding=\"async\" class=\"size-full wp-image-133\" alt=\"Christof Hammerschmiedt\" src=\"https:\/\/www.technic-group.com\/wp-content\/uploads\/christof.jpg\" width=\"250\" height=\"242\" \/><\/p>\n<p>Christof Hammerschmiedt<br \/>\nwww.technic-group.com<\/p>\n<\/div>\n<div class=\"team\"><img loading=\"lazy\" decoding=\"async\" class=\"size-full wp-image-137\" alt=\"Rainer\" src=\"https:\/\/www.technic-group.com\/wp-content\/uploads\/rainer.jpg\" width=\"250\" height=\"220\" \/><br \/>\nRainer<br \/>\nTechnik\/DJ<\/div>\n<div class=\"team\">\n<p><img loading=\"lazy\" decoding=\"async\" class=\"size-full wp-image-131\" alt=\"Alex\" src=\"https:\/\/www.technic-group.com\/wp-content\/uploads\/alex.jpg\" width=\"250\" height=\"189\" \/><\/p>\n<p>Alex<br \/>\nBand<\/p>\n<\/div>\n<div class=\"team\">\n<p><img loading=\"lazy\" decoding=\"async\" class=\"size-full wp-image-132\" alt=\"Christian\" src=\"https:\/\/www.technic-group.com\/wp-content\/uploads\/christian.jpg\" width=\"250\" height=\"203\" \/><\/p>\n<p>Christian<br \/>\nKaraoke<\/p>\n<\/div>\n<div class=\"team\">\n<p>&nbsp;<\/p>\n<\/div>\n<div class=\"team\">\n<p><img loading=\"lazy\" decoding=\"async\" class=\"alignnone size-full wp-image-282\" alt=\"Betti\" src=\"https:\/\/www.technic-group.com\/wp-content\/uploads\/Betti.png\" width=\"288\" height=\"432\" srcset=\"https:\/\/www.technic-group.com\/wp-content\/uploads\/Betti.png 288w, https:\/\/www.technic-group.com\/wp-content\/uploads\/Betti-200x300.png 200w\" sizes=\"(max-width: 288px) 100vw, 288px\" \/><\/p>\n<p>Betti Plach Fotografie<\/p>\n<p><a href=\"http:\/\/www.bettiplach.com\">www.bettiplach.com<\/a><\/p>\n<\/div>\n<div id=\"themify_builder_content-2\" data-postid=\"2\" class=\"themify_builder_content themify_builder_content-2 themify_builder themify_builder_front\">\n\t\n\t\n<\/div>\n<!-- \/themify_builder_content -->","protected":false},"excerpt":{"rendered":"<p>&nbsp; Technic Group besteht aus eigenst\u00e4ndigen Personen unterschiedlicher Fachbereiche,\u00a0 die ein Netzwerk gebildet haben, um auf Anfrage gemeinsam alle musikalischen, licht- und tontechnischen Bereiche eines Events abzudecken. Durch langj\u00e4hrige Zusammenarbeit ist unser motiviertes, kompetentes und eingespieltes Team bem\u00fcht, eine reibungslose und perfekte Umsetzung Ihrer W\u00fcnsche zu gew\u00e4hrleisten. &nbsp; Wir w\u00fcnschen Ihnen jetzt schon einen unvergesslichen(&#8230;)<\/p>\n","protected":false},"author":1,"featured_media":0,"parent":0,"menu_order":0,"comment_status":"open","ping_status":"open","template":"","meta":{"footnotes":""},"class_list":["post-2","page","type-page","status-publish","hentry"],"yoast_head":"<!-- This site is optimized with the Yoast SEO plugin v23.6 - https:\/\/yoast.com\/wordpress\/plugins\/seo\/ -->\n<title>\u00dcber Uns - Technic Group<\/title>\n<meta name=\"robots\" content=\"index, follow, max-snippet:-1, max-image-preview:large, max-video-preview:-1\" \/>\n<link rel=\"canonical\" href=\"https:\/\/www.technic-group.com\/?page_id=2\" \/>\n<meta property=\"og:locale\" content=\"de_DE\" \/>\n<meta property=\"og:type\" content=\"article\" \/>\n<meta property=\"og:title\" content=\"\u00dcber Uns - Technic Group\" \/>\n<meta property=\"og:description\" content=\"&nbsp; Technic Group besteht aus eigenst\u00e4ndigen Personen unterschiedlicher Fachbereiche,\u00a0 die ein Netzwerk gebildet haben, um auf Anfrage gemeinsam alle musikalischen, licht- und tontechnischen Bereiche eines Events abzudecken. Durch langj\u00e4hrige Zusammenarbeit ist unser motiviertes, kompetentes und eingespieltes Team bem\u00fcht, eine reibungslose und perfekte Umsetzung Ihrer W\u00fcnsche zu gew\u00e4hrleisten. &nbsp; Wir w\u00fcnschen Ihnen jetzt schon einen unvergesslichen(...)\" \/>\n<meta property=\"og:url\" content=\"https:\/\/www.technic-group.com\/?page_id=2\" \/>\n<meta property=\"og:site_name\" content=\"Technic Group\" \/>\n<meta property=\"article:modified_time\" content=\"2014-10-14T08:17:40+00:00\" \/>\n<meta property=\"og:image\" content=\"https:\/\/www.technic-group.com\/wp-content\/uploads\/doris.jpg\" \/>\n\t<meta property=\"og:image:width\" content=\"250\" \/>\n\t<meta property=\"og:image:height\" content=\"193\" \/>\n\t<meta property=\"og:image:type\" content=\"image\/jpeg\" \/>\n<meta name=\"twitter:card\" content=\"summary_large_image\" \/>\n<script type=\"application\/ld+json\" class=\"yoast-schema-graph\">{\"@context\":\"https:\/\/schema.org\",\"@graph\":[{\"@type\":\"WebPage\",\"@id\":\"https:\/\/www.technic-group.com\/?page_id=2\",\"url\":\"https:\/\/www.technic-group.com\/?page_id=2\",\"name\":\"\u00dcber Uns - Technic Group\",\"isPartOf\":{\"@id\":\"https:\/\/www.technic-group.com\/#website\"},\"primaryImageOfPage\":{\"@id\":\"https:\/\/www.technic-group.com\/?page_id=2#primaryimage\"},\"image\":{\"@id\":\"https:\/\/www.technic-group.com\/?page_id=2#primaryimage\"},\"thumbnailUrl\":\"https:\/\/www.technic-group.com\/wp-content\/uploads\/doris.jpg\",\"datePublished\":\"2014-03-05T11:41:26+00:00\",\"dateModified\":\"2014-10-14T08:17:40+00:00\",\"breadcrumb\":{\"@id\":\"https:\/\/www.technic-group.com\/?page_id=2#breadcrumb\"},\"inLanguage\":\"de\",\"potentialAction\":[{\"@type\":\"ReadAction\",\"target\":[\"https:\/\/www.technic-group.com\/?page_id=2\"]}]},{\"@type\":\"ImageObject\",\"inLanguage\":\"de\",\"@id\":\"https:\/\/www.technic-group.com\/?page_id=2#primaryimage\",\"url\":\"https:\/\/www.technic-group.com\/wp-content\/uploads\/doris.jpg\",\"contentUrl\":\"https:\/\/www.technic-group.com\/wp-content\/uploads\/doris.jpg\",\"width\":250,\"height\":193,\"caption\":\"Doris Hammerschmiedt Creative Director\"},{\"@type\":\"BreadcrumbList\",\"@id\":\"https:\/\/www.technic-group.com\/?page_id=2#breadcrumb\",\"itemListElement\":[{\"@type\":\"ListItem\",\"position\":1,\"name\":\"Home\",\"item\":\"https:\/\/www.technic-group.com\/\"},{\"@type\":\"ListItem\",\"position\":2,\"name\":\"\u00dcber Uns\"}]},{\"@type\":\"WebSite\",\"@id\":\"https:\/\/www.technic-group.com\/#website\",\"url\":\"https:\/\/www.technic-group.com\/\",\"name\":\"Technic Group\",\"description\":\"Event- und Veranstaltungstechnik\",\"potentialAction\":[{\"@type\":\"SearchAction\",\"target\":{\"@type\":\"EntryPoint\",\"urlTemplate\":\"https:\/\/www.technic-group.com\/?s={search_term_string}\"},\"query-input\":{\"@type\":\"PropertyValueSpecification\",\"valueRequired\":true,\"valueName\":\"search_term_string\"}}],\"inLanguage\":\"de\"}]}<\/script>\n<!-- \/ Yoast SEO plugin. -->","yoast_head_json":{"title":"\u00dcber Uns - Technic Group","robots":{"index":"index","follow":"follow","max-snippet":"max-snippet:-1","max-image-preview":"max-image-preview:large","max-video-preview":"max-video-preview:-1"},"canonical":"https:\/\/www.technic-group.com\/?page_id=2","og_locale":"de_DE","og_type":"article","og_title":"\u00dcber Uns - Technic Group","og_description":"&nbsp; Technic Group besteht aus eigenst\u00e4ndigen Personen unterschiedlicher Fachbereiche,\u00a0 die ein Netzwerk gebildet haben, um auf Anfrage gemeinsam alle musikalischen, licht- und tontechnischen Bereiche eines Events abzudecken. Durch langj\u00e4hrige Zusammenarbeit ist unser motiviertes, kompetentes und eingespieltes Team bem\u00fcht, eine reibungslose und perfekte Umsetzung Ihrer W\u00fcnsche zu gew\u00e4hrleisten. &nbsp; Wir w\u00fcnschen Ihnen jetzt schon einen unvergesslichen(...)","og_url":"https:\/\/www.technic-group.com\/?page_id=2","og_site_name":"Technic Group","article_modified_time":"2014-10-14T08:17:40+00:00","og_image":[{"width":250,"height":193,"url":"https:\/\/www.technic-group.com\/wp-content\/uploads\/doris.jpg","type":"image\/jpeg"}],"twitter_card":"summary_large_image","schema":{"@context":"https:\/\/schema.org","@graph":[{"@type":"WebPage","@id":"https:\/\/www.technic-group.com\/?page_id=2","url":"https:\/\/www.technic-group.com\/?page_id=2","name":"\u00dcber Uns - Technic Group","isPartOf":{"@id":"https:\/\/www.technic-group.com\/#website"},"primaryImageOfPage":{"@id":"https:\/\/www.technic-group.com\/?page_id=2#primaryimage"},"image":{"@id":"https:\/\/www.technic-group.com\/?page_id=2#primaryimage"},"thumbnailUrl":"https:\/\/www.technic-group.com\/wp-content\/uploads\/doris.jpg","datePublished":"2014-03-05T11:41:26+00:00","dateModified":"2014-10-14T08:17:40+00:00","breadcrumb":{"@id":"https:\/\/www.technic-group.com\/?page_id=2#breadcrumb"},"inLanguage":"de","potentialAction":[{"@type":"ReadAction","target":["https:\/\/www.technic-group.com\/?page_id=2"]}]},{"@type":"ImageObject","inLanguage":"de","@id":"https:\/\/www.technic-group.com\/?page_id=2#primaryimage","url":"https:\/\/www.technic-group.com\/wp-content\/uploads\/doris.jpg","contentUrl":"https:\/\/www.technic-group.com\/wp-content\/uploads\/doris.jpg","width":250,"height":193,"caption":"Doris Hammerschmiedt Creative Director"},{"@type":"BreadcrumbList","@id":"https:\/\/www.technic-group.com\/?page_id=2#breadcrumb","itemListElement":[{"@type":"ListItem","position":1,"name":"Home","item":"https:\/\/www.technic-group.com\/"},{"@type":"ListItem","position":2,"name":"\u00dcber Uns"}]},{"@type":"WebSite","@id":"https:\/\/www.technic-group.com\/#website","url":"https:\/\/www.technic-group.com\/","name":"Technic Group","description":"Event- und Veranstaltungstechnik","potentialAction":[{"@type":"SearchAction","target":{"@type":"EntryPoint","urlTemplate":"https:\/\/www.technic-group.com\/?s={search_term_string}"},"query-input":{"@type":"PropertyValueSpecification","valueRequired":true,"valueName":"search_term_string"}}],"inLanguage":"de"}]}},"_links":{"self":[{"href":"https:\/\/www.technic-group.com\/index.php?rest_route=\/wp\/v2\/pages\/2"}],"collection":[{"href":"https:\/\/www.technic-group.com\/index.php?rest_route=\/wp\/v2\/pages"}],"about":[{"href":"https:\/\/www.technic-group.com\/index.php?rest_route=\/wp\/v2\/types\/page"}],"author":[{"embeddable":true,"href":"https:\/\/www.technic-group.com\/index.php?rest_route=\/wp\/v2\/users\/1"}],"replies":[{"embeddable":true,"href":"https:\/\/www.technic-group.com\/index.php?rest_route=%2Fwp%2Fv2%2Fcomments&post=2"}],"version-history":[{"count":17,"href":"https:\/\/www.technic-group.com\/index.php?rest_route=\/wp\/v2\/pages\/2\/revisions"}],"predecessor-version":[{"id":285,"href":"https:\/\/www.technic-group.com\/index.php?rest_route=\/wp\/v2\/pages\/2\/revisions\/285"}],"wp:attachment":[{"href":"https:\/\/www.technic-group.com\/index.php?rest_route=%2Fwp%2Fv2%2Fmedia&parent=2"}],"curies":[{"name":"wp","href":"https:\/\/api.w.org\/{rel}","templated":true}]}}