{"id":88,"date":"2014-04-01T14:53:34","date_gmt":"2014-04-01T12:53:34","guid":{"rendered":"http:\/\/www.technic-group.com\/wordpress\/?page_id=88"},"modified":"2014-05-06T11:22:11","modified_gmt":"2014-05-06T09:22:11","slug":"ratgeber","status":"publish","type":"page","link":"https:\/\/www.technic-group.com\/?page_id=88","title":{"rendered":"Ratgeber"},"content":{"rendered":"<h3>Die Event Checkliste<\/h3>\n<p>Welches Event wollen Sie gestalten (Hochzeit, Firmenfeier, Party, Karaoke&#8230;)?<br \/>\n\u00dcberlegen Sie sich eine Location?<br \/>\nWann soll das Event stattfinden (Datum, Uhrzeit)?<br \/>\nWieviele Personen werden teilnehmen?<br \/>\nWie gro\u00df ist die zu beschallende Fl\u00e4che (Raumgr\u00f6\u00dfe)?<br \/>\nSchreibt die Location ein Zeitlimit vor?<br \/>\nWollen Sie einen DJ, Band und\/oder selber singen (Karaoke), bzw. alles zusammen?<br \/>\nVereinbaren Sie ein Vorgespr\u00e4ch mit DJ, oder Band!<br \/>\nWieviel Strom ist vorhanden?<br \/>\nBen\u00f6tigen Sie Ambientebeleuchtung?<br \/>\nAnlieferung der Technik (weite Wege, Aufzug, etc.)?<br \/>\nBrauchen Sie Hintergrundmusik (z.B zum Essen, Agape)?<br \/>\nGibt es eine Showeinlage, Ansprache, Spiele, etc., wo Sie ein zus\u00e4tzliches Mikrofon ben\u00f6tigen?<br \/>\nGibt es spezielle Musikw\u00fcnsche, bzw. Lieblingslieder die gespielt werden sollen?<br \/>\nBrauchen Sie zus\u00e4tzliche Technik (Leinwand, Projektor, Nebelmaschine&#8230;)?<\/p>\n<div id=\"themify_builder_content-88\" data-postid=\"88\" class=\"themify_builder_content themify_builder_content-88 themify_builder themify_builder_front\">\n\t\n\t\n<\/div>\n<!-- \/themify_builder_content -->","protected":false},"excerpt":{"rendered":"<p>Die Event Checkliste Welches Event wollen Sie gestalten (Hochzeit, Firmenfeier, Party, Karaoke&#8230;)? \u00dcberlegen Sie sich eine Location? Wann soll das Event stattfinden (Datum, Uhrzeit)? Wieviele Personen werden teilnehmen? Wie gro\u00df ist die zu beschallende Fl\u00e4che (Raumgr\u00f6\u00dfe)? Schreibt die Location ein Zeitlimit vor? Wollen Sie einen DJ, Band und\/oder selber singen (Karaoke), bzw. alles zusammen? Vereinbaren(&#8230;)<\/p>\n","protected":false},"author":2,"featured_media":0,"parent":0,"menu_order":0,"comment_status":"open","ping_status":"open","template":"","meta":{"footnotes":""},"class_list":["post-88","page","type-page","status-publish","hentry"],"yoast_head":"<!-- This site is optimized with the Yoast SEO plugin v23.6 - https:\/\/yoast.com\/wordpress\/plugins\/seo\/ -->\n<title>Ratgeber - Technic Group<\/title>\n<meta name=\"robots\" content=\"index, follow, max-snippet:-1, max-image-preview:large, max-video-preview:-1\" \/>\n<link rel=\"canonical\" href=\"https:\/\/www.technic-group.com\/?page_id=88\" \/>\n<meta property=\"og:locale\" content=\"de_DE\" \/>\n<meta property=\"og:type\" content=\"article\" \/>\n<meta property=\"og:title\" content=\"Ratgeber - Technic Group\" \/>\n<meta property=\"og:description\" content=\"Die Event Checkliste Welches Event wollen Sie gestalten (Hochzeit, Firmenfeier, Party, Karaoke&#8230;)? \u00dcberlegen Sie sich eine Location? Wann soll das Event stattfinden (Datum, Uhrzeit)? Wieviele Personen werden teilnehmen? Wie gro\u00df ist die zu beschallende Fl\u00e4che (Raumgr\u00f6\u00dfe)? Schreibt die Location ein Zeitlimit vor? Wollen Sie einen DJ, Band und\/oder selber singen (Karaoke), bzw. alles zusammen? Vereinbaren(...)\" \/>\n<meta property=\"og:url\" content=\"https:\/\/www.technic-group.com\/?page_id=88\" \/>\n<meta property=\"og:site_name\" content=\"Technic Group\" \/>\n<meta property=\"article:modified_time\" content=\"2014-05-06T09:22:11+00:00\" \/>\n<meta name=\"twitter:card\" content=\"summary_large_image\" \/>\n<meta name=\"twitter:label1\" content=\"Gesch\u00e4tzte Lesezeit\" \/>\n\t<meta name=\"twitter:data1\" content=\"1\u00a0Minute\" \/>\n<script type=\"application\/ld+json\" class=\"yoast-schema-graph\">{\"@context\":\"https:\/\/schema.org\",\"@graph\":[{\"@type\":\"WebPage\",\"@id\":\"https:\/\/www.technic-group.com\/?page_id=88\",\"url\":\"https:\/\/www.technic-group.com\/?page_id=88\",\"name\":\"Ratgeber - Technic Group\",\"isPartOf\":{\"@id\":\"https:\/\/www.technic-group.com\/#website\"},\"datePublished\":\"2014-04-01T12:53:34+00:00\",\"dateModified\":\"2014-05-06T09:22:11+00:00\",\"breadcrumb\":{\"@id\":\"https:\/\/www.technic-group.com\/?page_id=88#breadcrumb\"},\"inLanguage\":\"de\",\"potentialAction\":[{\"@type\":\"ReadAction\",\"target\":[\"https:\/\/www.technic-group.com\/?page_id=88\"]}]},{\"@type\":\"BreadcrumbList\",\"@id\":\"https:\/\/www.technic-group.com\/?page_id=88#breadcrumb\",\"itemListElement\":[{\"@type\":\"ListItem\",\"position\":1,\"name\":\"Home\",\"item\":\"https:\/\/www.technic-group.com\/\"},{\"@type\":\"ListItem\",\"position\":2,\"name\":\"Ratgeber\"}]},{\"@type\":\"WebSite\",\"@id\":\"https:\/\/www.technic-group.com\/#website\",\"url\":\"https:\/\/www.technic-group.com\/\",\"name\":\"Technic Group\",\"description\":\"Event- und Veranstaltungstechnik\",\"potentialAction\":[{\"@type\":\"SearchAction\",\"target\":{\"@type\":\"EntryPoint\",\"urlTemplate\":\"https:\/\/www.technic-group.com\/?s={search_term_string}\"},\"query-input\":{\"@type\":\"PropertyValueSpecification\",\"valueRequired\":true,\"valueName\":\"search_term_string\"}}],\"inLanguage\":\"de\"}]}<\/script>\n<!-- \/ Yoast SEO plugin. -->","yoast_head_json":{"title":"Ratgeber - Technic Group","robots":{"index":"index","follow":"follow","max-snippet":"max-snippet:-1","max-image-preview":"max-image-preview:large","max-video-preview":"max-video-preview:-1"},"canonical":"https:\/\/www.technic-group.com\/?page_id=88","og_locale":"de_DE","og_type":"article","og_title":"Ratgeber - Technic Group","og_description":"Die Event Checkliste Welches Event wollen Sie gestalten (Hochzeit, Firmenfeier, Party, Karaoke&#8230;)? \u00dcberlegen Sie sich eine Location? Wann soll das Event stattfinden (Datum, Uhrzeit)? Wieviele Personen werden teilnehmen? Wie gro\u00df ist die zu beschallende Fl\u00e4che (Raumgr\u00f6\u00dfe)? Schreibt die Location ein Zeitlimit vor? Wollen Sie einen DJ, Band und\/oder selber singen (Karaoke), bzw. alles zusammen? Vereinbaren(...)","og_url":"https:\/\/www.technic-group.com\/?page_id=88","og_site_name":"Technic Group","article_modified_time":"2014-05-06T09:22:11+00:00","twitter_card":"summary_large_image","twitter_misc":{"Gesch\u00e4tzte Lesezeit":"1\u00a0Minute"},"schema":{"@context":"https:\/\/schema.org","@graph":[{"@type":"WebPage","@id":"https:\/\/www.technic-group.com\/?page_id=88","url":"https:\/\/www.technic-group.com\/?page_id=88","name":"Ratgeber - Technic Group","isPartOf":{"@id":"https:\/\/www.technic-group.com\/#website"},"datePublished":"2014-04-01T12:53:34+00:00","dateModified":"2014-05-06T09:22:11+00:00","breadcrumb":{"@id":"https:\/\/www.technic-group.com\/?page_id=88#breadcrumb"},"inLanguage":"de","potentialAction":[{"@type":"ReadAction","target":["https:\/\/www.technic-group.com\/?page_id=88"]}]},{"@type":"BreadcrumbList","@id":"https:\/\/www.technic-group.com\/?page_id=88#breadcrumb","itemListElement":[{"@type":"ListItem","position":1,"name":"Home","item":"https:\/\/www.technic-group.com\/"},{"@type":"ListItem","position":2,"name":"Ratgeber"}]},{"@type":"WebSite","@id":"https:\/\/www.technic-group.com\/#website","url":"https:\/\/www.technic-group.com\/","name":"Technic Group","description":"Event- und Veranstaltungstechnik","potentialAction":[{"@type":"SearchAction","target":{"@type":"EntryPoint","urlTemplate":"https:\/\/www.technic-group.com\/?s={search_term_string}"},"query-input":{"@type":"PropertyValueSpecification","valueRequired":true,"valueName":"search_term_string"}}],"inLanguage":"de"}]}},"_links":{"self":[{"href":"https:\/\/www.technic-group.com\/index.php?rest_route=\/wp\/v2\/pages\/88"}],"collection":[{"href":"https:\/\/www.technic-group.com\/index.php?rest_route=\/wp\/v2\/pages"}],"about":[{"href":"https:\/\/www.technic-group.com\/index.php?rest_route=\/wp\/v2\/types\/page"}],"author":[{"embeddable":true,"href":"https:\/\/www.technic-group.com\/index.php?rest_route=\/wp\/v2\/users\/2"}],"replies":[{"embeddable":true,"href":"https:\/\/www.technic-group.com\/index.php?rest_route=%2Fwp%2Fv2%2Fcomments&post=88"}],"version-history":[{"count":6,"href":"https:\/\/www.technic-group.com\/index.php?rest_route=\/wp\/v2\/pages\/88\/revisions"}],"predecessor-version":[{"id":247,"href":"https:\/\/www.technic-group.com\/index.php?rest_route=\/wp\/v2\/pages\/88\/revisions\/247"}],"wp:attachment":[{"href":"https:\/\/www.technic-group.com\/index.php?rest_route=%2Fwp%2Fv2%2Fmedia&parent=88"}],"curies":[{"name":"wp","href":"https:\/\/api.w.org\/{rel}","templated":true}]}}